{"id":10614,"date":"2024-05-07T14:37:47","date_gmt":"2024-05-07T14:37:47","guid":{"rendered":"https:\/\/grupoms.com\/?page_id=10614"},"modified":"2024-05-07T14:52:58","modified_gmt":"2024-05-07T14:52:58","slug":"contato-2","status":"publish","type":"page","link":"https:\/\/grupoms.com\/?page_id=10614","title":{"rendered":"Ouvidoria"},"content":{"rendered":"\t\t<div data-elementor-type=\"wp-post\" data-elementor-id=\"10614\" class=\"elementor elementor-10614\">\n\t\t\t\t\t\t<section class=\"elementor-section elementor-top-section elementor-element elementor-element-627c199 gray-bg has-hex pt-50 elementor-section-boxed elementor-section-height-default elementor-section-height-default\" data-id=\"627c199\" data-element_type=\"section\">\n\t\t\t\t\t\t<div class=\"elementor-container elementor-column-gap-default\">\n\t\t\t\t\t<div class=\"elementor-column elementor-col-100 elementor-top-column elementor-element elementor-element-1d4099f\" data-id=\"1d4099f\" data-element_type=\"column\">\n\t\t\t<div class=\"elementor-widget-wrap elementor-element-populated\">\n\t\t\t\t\t\t<div class=\"elementor-element elementor-element-adce4fa elementor-widget elementor-widget-text-editor\" data-id=\"adce4fa\" data-element_type=\"widget\" data-widget_type=\"text-editor.default\">\n\t\t\t\t<div class=\"elementor-widget-container\">\n\t\t\t\t\t\t\t\t\t<section class=\"has_ae_slider elementor-section elementor-top-section elementor-element elementor-element-a78f176 elementor-section-boxed elementor-section-height-default elementor-section-height-default ae-bg-gallery-type-default\" data-id=\"a78f176\" data-element_type=\"section\"><div class=\"elementor-container elementor-column-gap-default\"><div class=\"elementor-row\"><div class=\"has_ae_slider elementor-column elementor-col-100 elementor-top-column elementor-element elementor-element-4b6f101 ae-bg-gallery-type-default\" data-id=\"4b6f101\" data-element_type=\"column\"><div class=\"elementor-column-wrap elementor-element-populated\"><div class=\"elementor-widget-wrap\"><div class=\"elementor-element elementor-element-3c60283 elementor-widget elementor-widget-heading\" data-id=\"3c60283\" data-element_type=\"widget\" data-widget_type=\"heading.default\"><div class=\"elementor-widget-container\"><h2 class=\"elementor-heading-title elementor-size-default\">FORMUL\u00c1RIO DE ATENDIMENTO<\/h2><p>\u00a0<\/p><\/div><\/div><\/div><\/div><\/div><\/div><\/div><\/section><section class=\"has_ae_slider elementor-section elementor-top-section elementor-element elementor-element-cc0d6e3 elementor-section-boxed elementor-section-height-default elementor-section-height-default ae-bg-gallery-type-default\" data-id=\"cc0d6e3\" data-element_type=\"section\"><div class=\"elementor-container elementor-column-gap-default\"><div class=\"elementor-row\"><div class=\"has_ae_slider elementor-column elementor-col-100 elementor-top-column elementor-element elementor-element-79097c4 ae-bg-gallery-type-default\" data-id=\"79097c4\" data-element_type=\"column\"><div class=\"elementor-column-wrap elementor-element-populated\"><div class=\"elementor-widget-wrap\"><div class=\"elementor-element elementor-element-f68d9c3 elementor-widget elementor-widget-text-editor\" data-id=\"f68d9c3\" data-element_type=\"widget\" data-widget_type=\"text-editor.default\"><div class=\"elementor-widget-container\"><div class=\"elementor-text-editor elementor-clearfix\"><p>Registre aqui sua solicita\u00e7\u00e3o, sugest\u00e3o, reclama\u00e7\u00e3o, den\u00fancia ou elogio, com base na Lei da Ouvidoria (<a href=\"http:\/\/www.planalto.gov.br\/ccivil_03\/_ato2015-2018\/2017\/lei\/l13460.htm\" target=\"_blank\" rel=\"noopener\"><u>Lei 13.460\/2017<\/u><\/a>) .<\/p><\/div><\/div><\/div><\/div><\/div><\/div><\/div><\/div><\/section><section class=\"has_ae_slider elementor-section elementor-top-section elementor-element elementor-element-248dfc3 elementor-section-boxed elementor-section-height-default elementor-section-height-default ae-bg-gallery-type-default\" data-id=\"248dfc3\" data-element_type=\"section\"><div class=\"elementor-container elementor-column-gap-default\"><div class=\"elementor-row\"><div class=\"has_ae_slider elementor-column elementor-col-100 elementor-top-column elementor-element elementor-element-8849c41 ae-bg-gallery-type-default\" data-id=\"8849c41\" data-element_type=\"column\"><div class=\"elementor-column-wrap elementor-element-populated\"><div class=\"elementor-widget-wrap\"><div class=\"elementor-element elementor-element-37885d3 elementor-widget elementor-widget-text-editor\" data-id=\"37885d3\" data-element_type=\"widget\" data-widget_type=\"text-editor.default\"><div class=\"elementor-widget-container\"><div class=\"elementor-text-editor elementor-clearfix\"><p><strong><em>Aten\u00e7\u00e3o:<\/em><\/strong><em>\u00a0N\u00e3o ser\u00e3o conhecidas pela Ouvidoria manifesta\u00e7\u00f5es an\u00f4nimas (que n\u00e3o contenham o nome completo e o CPF do cidad\u00e3o solicitante) ou que contenham amea\u00e7as, insultos e express\u00f5es de baixo cal\u00e3o.<\/em><\/p><p><em>N\u00e3o ser\u00e3o admitidas pela Ouvidoria not\u00edcias de fatos que constituam crimes, por se tratar de compet\u00eancias institucionais do Minist\u00e9rio P\u00fablico e das Pol\u00edcias, nos termos dos artigos 129, inciso I e 144 da Constitui\u00e7\u00e3o Federal.<\/em><\/p><p>Seus dados est\u00e3o protegidos pelo departamento respons\u00e1vel.<\/p><\/div><\/div><\/div><\/div><\/div><\/div><\/div><\/div><\/section>\t\t\t\t\t\t\t\t<\/div>\n\t\t\t\t<\/div>\n\t\t\t\t\t<\/div>\n\t\t<\/div>\n\t\t\t\t\t<\/div>\n\t\t<\/section>\n\t\t\t\t<section class=\"elementor-section elementor-top-section elementor-element elementor-element-894091a gray-bg pad-top-0 pad-bot-0 elementor-section-boxed elementor-section-height-default elementor-section-height-default\" data-id=\"894091a\" data-element_type=\"section\">\n\t\t\t\t\t\t<div class=\"elementor-container elementor-column-gap-default\">\n\t\t\t\t\t<div class=\"elementor-column elementor-col-50 elementor-top-column elementor-element elementor-element-069c98c\" data-id=\"069c98c\" data-element_type=\"column\">\n\t\t\t<div class=\"elementor-widget-wrap elementor-element-populated\">\n\t\t\t\t\t\t<div class=\"elementor-element elementor-element-685063c elementor-widget__width-auto elementor-widget elementor-widget-contact_modal\" data-id=\"685063c\" data-element_type=\"widget\" data-widget_type=\"contact_modal.default\">\n\t\t\t\t<div class=\"elementor-widget-container\">\n\t\t\t\t\t        <a href=\"#\" class=\"tbtn cf_btn\"><i class=\"fas fa-caret-right\"><\/i><span>Escreva uma Mensagem<\/span><\/a>\n        <!--contact-form-wrap -->   \n        <!-- <div class=\"contact-form-wrap\">\n            <div class=\"contact-form-container\">\n                <div class=\"contact-form-main fl-wrap\">\n                    <div class=\"contact-form-header\">\n                        <h4>Fale Conosco<\/h4>\n                        <span class=\"close-contact-form\"><i class=\"fal fa-times\"><\/i><\/span>\n                    <\/div>\n                    <div class=\"contact-form7\">\n<div class=\"wpcf7 no-js\" id=\"wpcf7-f8484-o1\" lang=\"en-US\" dir=\"ltr\" data-wpcf7-id=\"8484\">\n<div class=\"screen-reader-response\"><p role=\"status\" aria-live=\"polite\" aria-atomic=\"true\"><\/p> <ul><\/ul><\/div>\n<form action=\"\/index.php?rest_route=%2Fwp%2Fv2%2Fpages%2F10614#wpcf7-f8484-o1\" method=\"post\" class=\"wpcf7-form init\" aria-label=\"Contact form\" novalidate=\"novalidate\" data-status=\"init\">\n<fieldset class=\"hidden-fields-container\"><input type=\"hidden\" name=\"_wpcf7\" value=\"8484\" \/><input type=\"hidden\" name=\"_wpcf7_version\" value=\"6.1.5\" \/><input type=\"hidden\" name=\"_wpcf7_locale\" value=\"en_US\" \/><input type=\"hidden\" name=\"_wpcf7_unit_tag\" value=\"wpcf7-f8484-o1\" \/><input type=\"hidden\" name=\"_wpcf7_container_post\" value=\"0\" \/><input type=\"hidden\" name=\"_wpcf7_posted_data_hash\" value=\"\" \/>\n<\/fieldset>\n<div class=\"contact-form-holder custom-form\">\n\t<div class=\"hasIcon\">\n\t\t<p><label>Seu Nome*<\/label><span class=\"wpcf7-form-control-wrap\" data-name=\"your-name\"><input size=\"40\" maxlength=\"400\" class=\"wpcf7-form-control wpcf7-text wpcf7-validates-as-required has-icon\" aria-required=\"true\" aria-invalid=\"false\" placeholder=\"Seu Nome *\" value=\"\" type=\"text\" name=\"your-name\" \/><\/span>\n\t\t<\/p>\n\t<\/div>\n\t<div class=\"hasIcon\">\n\t\t<p><label>Seu E-mail*<\/label><span class=\"wpcf7-form-control-wrap\" data-name=\"your-email\"><input size=\"40\" maxlength=\"400\" class=\"wpcf7-form-control wpcf7-email wpcf7-validates-as-required wpcf7-text wpcf7-validates-as-email has-icon\" aria-required=\"true\" aria-invalid=\"false\" placeholder=\"Endere\u00e7o de E-mail *\" value=\"\" type=\"email\" name=\"your-email\" \/><\/span>\n\t\t<\/p>\n\t<\/div>\n\t<div class=\"form-control-wrap\">\n\t\t<p><span class=\"wpcf7-form-control-wrap\" data-name=\"your-message\"><textarea cols=\"40\" rows=\"10\" maxlength=\"2000\" class=\"wpcf7-form-control wpcf7-textarea wpcf7-validates-as-required\" aria-required=\"true\" aria-invalid=\"false\" placeholder=\"Sua Mensagem\" name=\"your-message\"><\/textarea><\/span>\n\t\t<\/p>\n\t<\/div>\n\t<p><input class=\"wpcf7-form-control wpcf7-submit has-spinner tbtn hvcolor\" type=\"submit\" value=\"Enviar Mensagem\" \/>\n\t<\/p>\n<\/div><div class=\"wpcf7-response-output\" aria-hidden=\"true\"><\/div>\n<\/form>\n<\/div>\n<\/div>                 \n                <\/div>\n            <\/div>\n            <div class=\"contact-form-overlay\"><\/div>\n        <\/div> -->\n        <!--contact-form-wrap end-->    \n\n        \t\t\t\t<\/div>\n\t\t\t\t<\/div>\n\t\t\t\t<div class=\"elementor-element elementor-element-2637d89 elementor-widget__width-auto elementor-widget elementor-widget-heading\" data-id=\"2637d89\" data-element_type=\"widget\" data-widget_type=\"heading.default\">\n\t\t\t\t<div class=\"elementor-widget-container\">\n\t\t\t\t\t<p class=\"elementor-heading-title elementor-size-default\">Tentaremos responder dentro de pouco tempo.<\/p>\t\t\t\t<\/div>\n\t\t\t\t<\/div>\n\t\t\t\t\t<\/div>\n\t\t<\/div>\n\t\t\t\t<div class=\"elementor-column elementor-col-50 elementor-top-column elementor-element elementor-element-b0bd07f\" data-id=\"b0bd07f\" data-element_type=\"column\">\n\t\t\t<div class=\"elementor-widget-wrap elementor-element-populated\">\n\t\t\t\t\t\t<div class=\"elementor-element elementor-element-f5503ac elementor-widget__width-auto elementor-widget-mobile__width-inherit elementor-widget elementor-widget-our_socials\" data-id=\"f5503ac\" data-element_type=\"widget\" data-widget_type=\"our_socials.default\">\n\t\t\t\t<div class=\"elementor-widget-container\">\n\t\t\t\t\t        <div class=\"contact-social flex-items-center socials-st1\">\n            <span class=\"cs-title\">SIGA-NOS NAS REDES SOCIAIS:<\/span>             \n            <ul class=\"socials-ul list-unstyled m-0 p-0\">\n                                    <li><a href=\"https:\/\/www.facebook.com\/somosgrupoms\" target=\"_blank\"><i class=\"fab fa-facebook-f\"><\/i><\/a><\/li>\n                                        <li><a href=\"https:\/\/www.instagram.com\/somos_grupo_ms\/\" target=\"_blank\"><i class=\"fab fa-instagram\"><\/i><\/a><\/li>\n                                        <li><a href=\"https:\/\/www.linkedin.com\/company\/grupo-ms-terraplanagem\/\" target=\"_blank\"><i class=\"fab fa-linkedin\"><\/i><\/a><\/li>\n                                <\/ul>\n                    <\/div>\n        \t\t\t\t<\/div>\n\t\t\t\t<\/div>\n\t\t\t\t\t<\/div>\n\t\t<\/div>\n\t\t\t\t\t<\/div>\n\t\t<\/section>\n\t\t\t\t<section class=\"elementor-section elementor-top-section elementor-element elementor-element-5f38d8f gray-bg pad-top-30 pb-50 elementor-section-boxed elementor-section-height-default elementor-section-height-default\" data-id=\"5f38d8f\" data-element_type=\"section\">\n\t\t\t\t\t\t<div class=\"elementor-container elementor-column-gap-default\">\n\t\t\t\t\t<div class=\"elementor-column elementor-col-100 elementor-top-column elementor-element elementor-element-491631d\" data-id=\"491631d\" data-element_type=\"column\">\n\t\t\t<div class=\"elementor-widget-wrap elementor-element-populated\">\n\t\t\t\t\t\t<div class=\"elementor-element elementor-element-27bcd8b elementor-widget elementor-widget-form\" data-id=\"27bcd8b\" data-element_type=\"widget\" data-widget_type=\"form.default\">\n\t\t\t\t<div class=\"elementor-widget-container\">\n\t\t\t\t\t \t\t\t\t<\/div>\n\t\t\t\t<\/div>\n\t\t\t\t\t<\/div>\n\t\t<\/div>\n\t\t\t\t\t<\/div>\n\t\t<\/section>\n\t\t\t\t<section class=\"elementor-section elementor-top-section elementor-element elementor-element-196720c color-bg small-padding elementor-section-stretched elementor-section-boxed elementor-section-height-default elementor-section-height-default\" data-id=\"196720c\" data-element_type=\"section\" data-settings=\"{&quot;stretch_section&quot;:&quot;section-stretched&quot;}\">\n\t\t\t\t\t\t<div class=\"elementor-container elementor-column-gap-default\">\n\t\t\t\t\t<div class=\"elementor-column elementor-col-33 elementor-top-column elementor-element elementor-element-84c06e7\" data-id=\"84c06e7\" data-element_type=\"column\">\n\t\t\t<div class=\"elementor-widget-wrap elementor-element-populated\">\n\t\t\t\t\t\t<div class=\"elementor-element elementor-element-4c72e03 elementor-widget elementor-widget-section_title\" data-id=\"4c72e03\" data-element_type=\"widget\" data-widget_type=\"section_title.default\">\n\t\t\t\t<div class=\"elementor-widget-container\">\n\t\t\t\t\t        <div class=\"section-title st-left st-st6\">\n                    <h2 class=\"sec-title\"><span>Inscreva-se<\/span><\/h2>                            <div class=\"st-text st-desc\">\n                Cadastre seu e-mail e fique por dentro de todas as novidades sobre nossos servi\u00e7os e nossa empresa.                <\/div>\n                    <\/div>\n        \t\t\t\t<\/div>\n\t\t\t\t<\/div>\n\t\t\t\t\t<\/div>\n\t\t<\/div>\n\t\t\t\t<div class=\"elementor-column elementor-col-33 elementor-top-column elementor-element elementor-element-0e72a92 elementor-hidden-mobile\" data-id=\"0e72a92\" data-element_type=\"column\">\n\t\t\t<div class=\"elementor-widget-wrap\">\n\t\t\t\t\t\t\t<\/div>\n\t\t<\/div>\n\t\t\t\t<div class=\"elementor-column elementor-col-33 elementor-top-column elementor-element elementor-element-2d88094\" data-id=\"2d88094\" data-element_type=\"column\">\n\t\t\t<div class=\"elementor-widget-wrap\">\n\t\t\t\t\t\t\t<\/div>\n\t\t<\/div>\n\t\t\t\t\t<\/div>\n\t\t<\/section>\n\t\t\t\t<\/div>\n\t\t","protected":false},"excerpt":{"rendered":"<p>FORMUL\u00c1RIO DE ATENDIMENTO \u00a0 Registre aqui sua solicita\u00e7\u00e3o, sugest\u00e3o, reclama\u00e7\u00e3o, den\u00fancia ou elogio, com base na Lei da Ouvidoria (Lei 13.460\/2017) . Aten\u00e7\u00e3o:\u00a0N\u00e3o ser\u00e3o conhecidas pela Ouvidoria manifesta\u00e7\u00f5es an\u00f4nimas (que n\u00e3o contenham o nome completo e o CPF do cidad\u00e3o solicitante) ou que contenham amea\u00e7as, insultos e express\u00f5es de baixo cal\u00e3o. N\u00e3o ser\u00e3o admitidas pela Ouvidoria not\u00edcias de fatos que constituam crimes, por se tratar de compet\u00eancias institucionais do Minist\u00e9rio P\u00fablico e das Pol\u00edcias, nos termos dos artigos 129, inciso I e 144 da Constitui\u00e7\u00e3o Federal. Seus dados est\u00e3o protegidos pelo departamento respons\u00e1vel. Escreva uma Mensagem Tentaremos responder dentro de pouco tempo. SIGA-NOS NAS REDES SOCIAIS: Inscreva-se Cadastre seu e-mail e fique por dentro de todas as novidades sobre nossos servi\u00e7os e nossa empresa.<\/p>\n","protected":false},"author":2,"featured_media":0,"parent":0,"menu_order":0,"comment_status":"closed","ping_status":"closed","template":"page-full.php","meta":{"footnotes":""},"class_list":["post-10614","page","type-page","status-publish","hentry"],"_links":{"self":[{"href":"https:\/\/grupoms.com\/index.php?rest_route=\/wp\/v2\/pages\/10614","targetHints":{"allow":["GET"]}}],"collection":[{"href":"https:\/\/grupoms.com\/index.php?rest_route=\/wp\/v2\/pages"}],"about":[{"href":"https:\/\/grupoms.com\/index.php?rest_route=\/wp\/v2\/types\/page"}],"author":[{"embeddable":true,"href":"https:\/\/grupoms.com\/index.php?rest_route=\/wp\/v2\/users\/2"}],"replies":[{"embeddable":true,"href":"https:\/\/grupoms.com\/index.php?rest_route=%2Fwp%2Fv2%2Fcomments&post=10614"}],"version-history":[{"count":7,"href":"https:\/\/grupoms.com\/index.php?rest_route=\/wp\/v2\/pages\/10614\/revisions"}],"predecessor-version":[{"id":10622,"href":"https:\/\/grupoms.com\/index.php?rest_route=\/wp\/v2\/pages\/10614\/revisions\/10622"}],"wp:attachment":[{"href":"https:\/\/grupoms.com\/index.php?rest_route=%2Fwp%2Fv2%2Fmedia&parent=10614"}],"curies":[{"name":"wp","href":"https:\/\/api.w.org\/{rel}","templated":true}]}}